{"id":207,"date":"2022-04-21T21:48:50","date_gmt":"2022-04-22T02:48:50","guid":{"rendered":"https:\/\/beta.theparamar.com\/?page_id=207"},"modified":"2022-09-23T14:08:31","modified_gmt":"2022-09-23T19:08:31","slug":"terminos-y-condiciones","status":"publish","type":"page","link":"https:\/\/beta.theparamar.com\/es\/terminos-y-condiciones\/","title":{"rendered":"T\u00e9rminos y Condiciones"},"content":{"rendered":"<p><strong>El hotel cuenta con dos tipos de tarifas:<\/strong><\/p>\n<ul>\n<li>Tarifas No Reembolsables:\n<ul>\n<li>No se permiten cambios y en caso de cancelaci\u00f3n no hay reembolso. Se requiere el pago total de la estancia al hacer la reservaci\u00f3n.<\/li>\n<\/ul>\n<\/li>\n<li>Tarifas Reembolsables (est\u00e1ndar):\n<ul>\n<li>Permite modificaci\u00f3n de fechas, sujetas a disponibilidad y a cambios de tarifa.\n<ul>\n<li>Pol\u00edtica de cancelaci\u00f3n:\n<ul>\n<li>Si se cancela:<\/li>\n<li>M\u00e1s de 5 d\u00edas antes de la fecha de llegada \u2013 reembolso total<\/li>\n<li>De 3 a 5 d\u00edas antes de la fecha de llegada \u2013 cargo de la primera noche<\/li>\n<li>Menos de 3 d\u00edas (3 pm) antes de la fecha de llegada \u2013 no reembolsable<\/li>\n<\/ul>\n<\/li>\n<li>Pol\u00edtica de cambio:\n<ul>\n<li>Si se cambia:<\/li>\n<li>M\u00e1s de 5 d\u00edas antes de la fecha de llegada \u2013 cambio sin cargo, aplica ajuste de tarifa si la fecha seleccionada es m\u00e1s costosa.<\/li>\n<li>De 3 a 5 (3 pm) d\u00edas antes de la fecha de llegada \u2013 penalizaci\u00f3n del 25% del costo de la primera noche, m\u00e1s nivelaci\u00f3n tarifaria, si la tarifa seleccionada es m\u00e1s costosa.<\/li>\n<li>Menos de 3 (3pm) d\u00edas antes de la fecha de llegada \u2013 penalizaci\u00f3n de la primera noche m\u00e1s nivelaci\u00f3n tarifaria si fecha seleccionada es m\u00e1s costosa.<\/li>\n<\/ul>\n<\/li>\n<\/ul>\n<\/li>\n<\/ul>\n<\/li>\n<\/ul>\n<p>* No requiere dep\u00f3sito pero s\u00ed una tarjeta de cr\u00e9dito en garant\u00eda \u2013 Se har\u00e1 verificaci\u00f3n de tarjeta de cr\u00e9dito por el total de su reserva previo a su llegada. Estas pol\u00edticas no aplican para estancias de m\u00e1s de 14 d\u00edas. Favor de contactarnos para reservaciones de m\u00e1s de 14 d\u00edas. <strong>Condiciones:<\/strong><\/p>\n<ul>\n<li>Check-in: 15:00 hrs \/ Check-out: 12:00 hrs\n<ul>\n<li>(Puede aplicar cargo adicional si permanece en el cuarto despu\u00e9s del horario de check-out)<\/li>\n<\/ul>\n<\/li>\n<li>Edad m\u00ednima para hacer check-in: 18 a\u00f1os<\/li>\n<\/ul>\n<ol>\n<li>Se consideran infantes a los menores de 8 a\u00f1os. Menores permitidos sin costo por habitaci\u00f3n:\n<ol>\n<li>King:1<\/li>\n<li>doble queen, doble king y penthouses: 2<\/li>\n<li>master suite: 2<\/li>\n<li>*Deber\u00e1n compartir camas existentes con sus padres, no contamos con adicionales.<\/li>\n<\/ol>\n<\/li>\n<li>Informaci\u00f3n de Tours, actividades, servicios de spa y m\u00e1s disponibles en recepci\u00f3n.<\/li>\n<li>Se requiere mostrar Identificaci\u00f3n con fotograf\u00eda para realizar su registro<\/li>\n<li>Al hacer check-in se solicitar\u00e1 un dep\u00f3sito de $500.00 pesos por habitaci\u00f3n, reembolsables en check-out, si no se incurre en cargos extra.<\/li>\n<li>En atenci\u00f3n a los dem\u00e1s hu\u00e9spedes no se permiten visitas, fiestas o reuniones en su habitaci\u00f3n y en las \u00e1reas del hotel.<\/li>\n<li>Para una mayor higiene y seguridad no se permite ning\u00fan tipo de mascotas.<\/li>\n<li>Horario de alberca: 9 a.m \u2013 9 p.m. de lunes a domingo<\/li>\n<li>Estacionamiento privado gratuito, sujeto a disponibilidad (m\u00e1ximo 15 autos).<\/li>\n<li>Tarifas en Plan Europeo (s\u00f3lo hospedaje), impuestos incluidos, por habitaci\u00f3n, por noche, en Pesos Mexicanos<\/li>\n<li>Las reservaciones o estancias NO son transferibles.<\/li>\n<li>Se liquidar\u00e1 el total de su estancia en el check-in, de no ser as\u00ed, se tomar\u00e1 como cancelaci\u00f3n sin derecho a reembolso de anticipo.<\/li>\n<li>Cambios y cancelaciones en tarifa est\u00e1ndar (reembolsable):\n<ol>\n<li>5 d\u00edas ANTES de su arribo no genera cargo<\/li>\n<li>De 3 a 5 d\u00edas ANTES de su arribo \u2013 se cargar\u00e1 la primera noche de penalizaci\u00f3n<\/li>\n<li>Menos de 3 d\u00edas ANTES de su arribo se genera un cargo del 100% del total de su estancia, no es reembolsable<\/li>\n<\/ol>\n<\/li>\n<li>Las tarifas NO Reembolsables no permiten cambios ni cancelaciones bajo ninguna circunstancia.<\/li>\n<li>Cancelaciones a partir de la segunda noche no permitidas. Generar\u00e1n cargo del 100% del total de la estancia.<\/li>\n<li>En las reservaciones con estancias para diciembre 26 al 3 de enero y en los d\u00edas santos no se permiten cambios ni cancelaciones.<\/li>\n<li>El hotel no cuenta con facilidades para personas con discapacidad.<\/li>\n<li>Aviso de privacidad disponible en: https:\/\/www.grandparamar.com\/es\/aviso-privacidad\/<\/li>\n<\/ol>\n","protected":false},"excerpt":{"rendered":"<p>El hotel cuenta con dos tipos de tarifas: Tarifas No Reembolsables: No se permiten cambios y en caso de cancelaci\u00f3n no hay reembolso. Se requiere el pago total de la estancia al hacer la reservaci\u00f3n. Tarifas Reembolsables (est\u00e1ndar): Permite modificaci\u00f3n de fechas, sujetas a disponibilidad y a cambios de tarifa. Pol\u00edtica de cancelaci\u00f3n: Si se [&hellip;]<\/p>\n","protected":false},"author":1,"featured_media":0,"parent":0,"menu_order":0,"comment_status":"closed","ping_status":"closed","template":"tpl-simple.php","meta":[],"acf":[],"yoast_head":"<!-- This site is optimized with the Yoast SEO Premium plugin v18.1 (Yoast SEO v19.7.1) - https:\/\/yoast.com\/wordpress\/plugins\/seo\/ -->\n<title>T\u00e9rminos y Condiciones - Paramar Hotel Boutique<\/title>\n<meta name=\"robots\" content=\"index, follow, max-snippet:-1, max-image-preview:large, max-video-preview:-1\" \/>\n<link rel=\"canonical\" href=\"https:\/\/beta.theparamar.com\/es\/terminos-y-condiciones\" \/>\n<meta property=\"og:locale\" content=\"es_ES\" \/>\n<meta property=\"og:type\" content=\"article\" \/>\n<meta property=\"og:title\" content=\"T\u00e9rminos y Condiciones\" \/>\n<meta property=\"og:description\" content=\"El hotel cuenta con dos tipos de tarifas: Tarifas No Reembolsables: No se permiten cambios y en caso de cancelaci\u00f3n no hay reembolso. Se requiere el pago total de la estancia al hacer la reservaci\u00f3n. Tarifas Reembolsables (est\u00e1ndar): Permite modificaci\u00f3n de fechas, sujetas a disponibilidad y a cambios de tarifa. Pol\u00edtica de cancelaci\u00f3n: Si se [&hellip;]\" \/>\n<meta property=\"og:url\" content=\"https:\/\/beta.theparamar.com\/es\/terminos-y-condiciones\/\" \/>\n<meta property=\"og:site_name\" content=\"Paramar Hotel Boutique\" \/>\n<meta property=\"article:publisher\" content=\"https:\/\/www.facebook.com\/HotelMorganResidences\" \/>\n<meta property=\"article:modified_time\" content=\"2022-09-23T19:08:31+00:00\" \/>\n<meta name=\"twitter:card\" content=\"summary_large_image\" \/>\n<meta name=\"twitter:label1\" content=\"Tiempo de lectura\" \/>\n\t<meta name=\"twitter:data1\" content=\"3 minutos\" \/>\n<script type=\"application\/ld+json\" class=\"yoast-schema-graph\">{\"@context\":\"https:\/\/schema.org\",\"@graph\":[{\"@type\":\"WebPage\",\"@id\":\"https:\/\/beta.theparamar.com\/es\/terminos-y-condiciones\/\",\"url\":\"https:\/\/beta.theparamar.com\/es\/terminos-y-condiciones\/\",\"name\":\"T\u00e9rminos y Condiciones - Paramar Hotel Boutique\",\"isPartOf\":{\"@id\":\"https:\/\/beta.theparamar.com\/#website\"},\"datePublished\":\"2022-04-22T02:48:50+00:00\",\"dateModified\":\"2022-09-23T19:08:31+00:00\",\"breadcrumb\":{\"@id\":\"https:\/\/beta.theparamar.com\/es\/terminos-y-condiciones\/#breadcrumb\"},\"inLanguage\":\"es\",\"potentialAction\":[{\"@type\":\"ReadAction\",\"target\":[\"https:\/\/beta.theparamar.com\/es\/terminos-y-condiciones\/\"]}]},{\"@type\":\"BreadcrumbList\",\"@id\":\"https:\/\/beta.theparamar.com\/es\/terminos-y-condiciones\/#breadcrumb\",\"itemListElement\":[{\"@type\":\"ListItem\",\"position\":1,\"name\":\"Home\",\"item\":\"https:\/\/beta.theparamar.com\/es\/\"},{\"@type\":\"ListItem\",\"position\":2,\"name\":\"T\u00e9rminos y Condiciones\"}]},{\"@type\":\"WebSite\",\"@id\":\"https:\/\/beta.theparamar.com\/#website\",\"url\":\"https:\/\/beta.theparamar.com\/\",\"name\":\"Paramar Hotel Boutique\",\"description\":\"Paramar Hotel Boutique\",\"potentialAction\":[{\"@type\":\"SearchAction\",\"target\":{\"@type\":\"EntryPoint\",\"urlTemplate\":\"https:\/\/beta.theparamar.com\/?s={search_term_string}\"},\"query-input\":\"required name=search_term_string\"}],\"inLanguage\":\"es\"}]}<\/script>\n<!-- \/ Yoast SEO Premium plugin. -->","yoast_head_json":{"title":"T\u00e9rminos y Condiciones - Paramar Hotel Boutique","robots":{"index":"index","follow":"follow","max-snippet":"max-snippet:-1","max-image-preview":"max-image-preview:large","max-video-preview":"max-video-preview:-1"},"canonical":"https:\/\/beta.theparamar.com\/es\/terminos-y-condiciones","og_locale":"es_ES","og_type":"article","og_title":"T\u00e9rminos y Condiciones","og_description":"El hotel cuenta con dos tipos de tarifas: Tarifas No Reembolsables: No se permiten cambios y en caso de cancelaci\u00f3n no hay reembolso. Se requiere el pago total de la estancia al hacer la reservaci\u00f3n. Tarifas Reembolsables (est\u00e1ndar): Permite modificaci\u00f3n de fechas, sujetas a disponibilidad y a cambios de tarifa. Pol\u00edtica de cancelaci\u00f3n: Si se [&hellip;]","og_url":"https:\/\/beta.theparamar.com\/es\/terminos-y-condiciones\/","og_site_name":"Paramar Hotel Boutique","article_publisher":"https:\/\/www.facebook.com\/HotelMorganResidences","article_modified_time":"2022-09-23T19:08:31+00:00","twitter_card":"summary_large_image","twitter_misc":{"Tiempo de lectura":"3 minutos"},"schema":{"@context":"https:\/\/schema.org","@graph":[{"@type":"WebPage","@id":"https:\/\/beta.theparamar.com\/es\/terminos-y-condiciones\/","url":"https:\/\/beta.theparamar.com\/es\/terminos-y-condiciones\/","name":"T\u00e9rminos y Condiciones - Paramar Hotel Boutique","isPartOf":{"@id":"https:\/\/beta.theparamar.com\/#website"},"datePublished":"2022-04-22T02:48:50+00:00","dateModified":"2022-09-23T19:08:31+00:00","breadcrumb":{"@id":"https:\/\/beta.theparamar.com\/es\/terminos-y-condiciones\/#breadcrumb"},"inLanguage":"es","potentialAction":[{"@type":"ReadAction","target":["https:\/\/beta.theparamar.com\/es\/terminos-y-condiciones\/"]}]},{"@type":"BreadcrumbList","@id":"https:\/\/beta.theparamar.com\/es\/terminos-y-condiciones\/#breadcrumb","itemListElement":[{"@type":"ListItem","position":1,"name":"Home","item":"https:\/\/beta.theparamar.com\/es\/"},{"@type":"ListItem","position":2,"name":"T\u00e9rminos y Condiciones"}]},{"@type":"WebSite","@id":"https:\/\/beta.theparamar.com\/#website","url":"https:\/\/beta.theparamar.com\/","name":"Paramar Hotel Boutique","description":"Paramar Hotel Boutique","potentialAction":[{"@type":"SearchAction","target":{"@type":"EntryPoint","urlTemplate":"https:\/\/beta.theparamar.com\/?s={search_term_string}"},"query-input":"required name=search_term_string"}],"inLanguage":"es"}]}},"_links":{"self":[{"href":"https:\/\/beta.theparamar.com\/es\/wp-json\/wp\/v2\/pages\/207"}],"collection":[{"href":"https:\/\/beta.theparamar.com\/es\/wp-json\/wp\/v2\/pages"}],"about":[{"href":"https:\/\/beta.theparamar.com\/es\/wp-json\/wp\/v2\/types\/page"}],"author":[{"embeddable":true,"href":"https:\/\/beta.theparamar.com\/es\/wp-json\/wp\/v2\/users\/1"}],"replies":[{"embeddable":true,"href":"https:\/\/beta.theparamar.com\/es\/wp-json\/wp\/v2\/comments?post=207"}],"version-history":[{"count":6,"href":"https:\/\/beta.theparamar.com\/es\/wp-json\/wp\/v2\/pages\/207\/revisions"}],"predecessor-version":[{"id":2225,"href":"https:\/\/beta.theparamar.com\/es\/wp-json\/wp\/v2\/pages\/207\/revisions\/2225"}],"wp:attachment":[{"href":"https:\/\/beta.theparamar.com\/es\/wp-json\/wp\/v2\/media?parent=207"}],"curies":[{"name":"wp","href":"https:\/\/api.w.org\/{rel}","templated":true}]}}